{"id":293,"date":"2024-01-10T20:11:28","date_gmt":"2024-01-10T17:11:28","guid":{"rendered":"http:\/\/saves.com.tr\/veri-sahipleri-basvuru-formu\/"},"modified":"2024-01-14T21:33:14","modified_gmt":"2024-01-14T18:33:14","slug":"data-owners-application-form","status":"publish","type":"page","link":"https:\/\/saves.com.tr\/en\/data-owners-application-form\/","title":{"rendered":"SAVES ENERGY JOINT STOCK COMPANY <br\/> APPLICATION FORM FOR DATA SUBJECTS TO EXERCISE THEIR RIGHTS UNDER LAW NO. 6698 ON THE PROTECTION OF PERSONAL DATA"},"content":{"rendered":"<p>The Personal Data Protection Law No. 6698 (&#8220;PDPL&#8221;) grants individuals defined as data subjects the right to make various requests regarding the processing of their personal data.<\/p>\n<p>In accordance with the first paragraph of Article 13 of the PDPL, data subjects are required to submit their requests regarding these rights in writing or by other methods determined by the Personal Data Protection Authority (&#8220;Authority&#8221;) to Saves Energy Joint Stock Company (&#8220;Saves Energy&#8221; or &#8220;Company&#8221;).<\/p>\n<p>To fulfill your request within the framework of the PDPL, please complete the application form below accurately and completely, and after wet-signing it, send the signed form to our company Saves Energy at the address &#8220;Kuzguncuk Mah. G\u00fcm\u00fc\u015fyolu \u00c7\u0131kmaz\u0131 Sok. No: 5\/8 \u00dcsk\u00fcdar \/ \u0130stanbul&#8221; by notary public, registered mail, or personal application, or send the electronically completed application form with your mobile signature or secure electronic signature to the email address <a href=\"mailto:savesenerji@hs03.kep.tr\">savesenerji@hs03.kep.tr<\/a>.<\/p>\n<p>Our company will process the application requests in accordance with Article 13 of the PDPL and will conclude them within 30 (thirty) days at the latest, depending on the nature of the request. If the transaction requires a cost, the tariff determined by the Personal Data Protection Authority will be applied.<\/p>\n<p>As a data subject, in your application that includes your explanations regarding the right you request and will use, it is mandatory to have clear and understandable information about the subject you request, and if you are acting on behalf of someone else, you will need to present a notarized special power of attorney for this matter. In your applications, it is obligatory to include the following elements as required by the &#8220;Regulation on Application Procedures and Principles to the Data Controller&#8221;: name-surname, signature, Turkish Republic ID number, residence or workplace address, e-mail address, telephone and fax number, and the subject of the request. Applications that do not include these elements will be rejected by our Company.<\/p>\n<h2>1. IDENTITY AND CONTACT INFORMATION OF THE PERSONAL DATA OWNER<\/h2>\n<p>All personal data processed by the Company, including our customers, business contacts, business partners, employees, suppliers, potential customers, users visiting our website and other third parties are within the scope of this Policy.<\/p>\n<p>Our policy is applied in activities related to the processing of all personal data owned or managed by the Company, and has been handled and prepared by taking into consideration the KVKK and other relevant legislation regarding personal data and international standards in this field.<\/p>\n<table>\n<tbody>\n<tr>\n<td><strong>Name-Surname:<\/strong><\/td>\n<td><\/td>\n<\/tr>\n<tr>\n<td><strong>T.R. ID Number:<\/strong><\/td>\n<td><\/td>\n<\/tr>\n<tr>\n<td><strong>Phone Number:<\/strong><\/td>\n<td><\/td>\n<\/tr>\n<tr>\n<td><strong>Address:<\/strong><\/td>\n<td><\/td>\n<\/tr>\n<tr>\n<td><strong>E-Mail Address:<\/strong><\/td>\n<td><\/td>\n<\/tr>\n<tr>\n<td><strong>Your Relationship with Our Institution:<\/strong><br \/>\n(Customer, supplier, business partner, employee candidate, former employee, third party company employee, shareholder, etc.)<\/td>\n<td><\/td>\n<\/tr>\n<\/tbody>\n<\/table>\n<h2>2. INFORMATION REGARDING THE SELECTION OF THE RIGHTS TO BE USED BY THE PERSONAL DATA OWNER<\/h2>\n<p>Please tick the box(es) next to the statement that fits your request.<\/p>\n<ul>\n<li>( ) I want to know whether your institution processes personal data.<\/li>\n<li>( ) If you process personal data, I request information about these data processing activities.<\/li>\n<li>( ) If you are processing personal data, I would like to learn the purpose of processing and whether it is used in accordance with the purpose of processing.<\/li>\n<li>( ) If my personal data is transferred to third parties at home or abroad, I want to know about these third parties.<\/li>\n<li>( ) I want my personal data to be corrected because it is incomplete or incorrectly processed.<\/li>\n<li>( ) Although my personal data has been processed in accordance with the legislation, I want my personal data to be deleted.<\/li>\n<li>( ) I want my personal data, which I think has been processed incompletely and incorrectly, to be corrected by the third parties to whom it has been transferred.<\/li>\n<li>( ) I want my personal data, which I requested to be deleted, to be deleted by the third parties to whom it has been transferred.<\/li>\n<li>( ) I believe that my personal data processed by your organization has been analyzed exclusively through automatic systems and as a result of this analysis, a result has arisen against me. I object to this conclusion.<\/li>\n<\/ul>\n<h2>3. EXPLANATION ABOUT THE REQUEST<\/h2>\n<p>(Indicate your request within the scope of the Personal Data Protection Law No. 6698 and the personal data subject to your request.)<br \/>\n\u2026\u2026\u2026\u2026\u2026\u2026\u2026\u2026\u2026\u2026\u2026\u2026\u2026\u2026\u2026\u2026\u2026\u2026\u2026\u2026\u2026\u2026\u2026\u2026\u2026\u2026\u2026\u2026\u2026\u2026\u2026\u2026\u2026\u2026\u2026\u2026\u2026\u2026\u2026\u2026\u2026\u2026\u2026\u2026\u2026\u2026\u2026 \u2026\u2026\u2026\u2026\u2026\u2026\u2026\u2026\u2026\u2026\u2026\u2026\u2026\u2026\u2026\u2026\u2026\u2026\u2026\u2026\u2026\u2026\u2026\u2026\u2026\u2026\u2026\u2026\u2026\u2026\u2026\u2026<\/p>\n<h2>4. ANNEXES<\/h2>\n<p>If there is any document you would like to include in your application, please specify.<br \/>\n\u2026\u2026\u2026\u2026\u2026\u2026\u2026\u2026\u2026\u2026\u2026\u2026\u2026\u2026\u2026\u2026\u2026\u2026\u2026\u2026\u2026\u2026\u2026\u2026\u2026\u2026\u2026\u2026\u2026\u2026\u2026\u2026\u2026\u2026\u2026\u2026\u2026\u2026\u2026\u2026\u2026\u2026\u2026\u2026\u2026\u2026\u2026 \u2026\u2026\u2026\u2026\u2026\u2026\u2026\u2026\u2026\u2026\u2026\u2026\u2026\u2026\u2026\u2026\u2026\u2026\u2026\u2026\u2026\u2026\u2026\u2026\u2026\u2026\u2026\u2026\u2026\u2026\u2026\u2026<\/p>\n<h2>5. HOW WE WILL RESPOND TO YOUR APPLICATION:<\/h2>\n<ul>\n<li>( ) Send to my address.<\/li>\n<li>( ) Send to my e-mail address.<\/li>\n<li>( ) I will pick it up by hand.<\/li>\n<\/ul>\n<h2>6. DECLARATION OF THE APPLICANT<\/h2>\n<p>This application form has been prepared to provide a correct response to your application in a timely manner by identifying your contact with our Company and your personal data processed by our Company, if any.<\/p>\n<p>In order to prevent errors and ensure the security of your personal data, Saves Enerji has the right to request additional documents and information (copy of identity card or driver&#8217;s license, etc.) for identification and authorization determination.<br \/>\nSaves Enerji accepts no responsibility if the information regarding your requests within the scope of this application form is not accurate and up-to-date or if there is an unauthorized application.<\/p>\n<p>If the information regarding your requests submitted within the scope of the form is not accurate and up-to-date or an unauthorized application is made, Saves Energy does not accept liability for requests resulting from such incorrect information or unauthorized application.<\/p>\n<h4>Personal Data Owner<\/h4>\n<table class=\"application\">\n<tbody>\n<tr>\n<td><strong>Name \u2013 Surname: <\/strong><\/td>\n<td><\/td>\n<\/tr>\n<tr>\n<td><strong>Application Date: <\/strong><\/td>\n<td><\/td>\n<\/tr>\n<tr>\n<td><strong>Signature:<\/strong><\/td>\n<td><\/td>\n<\/tr>\n<\/tbody>\n<\/table>\n<h4 style=\"margin-top: 30px;\">Persons Applying on Behalf of Someone Else<\/h4>\n<p>Persons applying on behalf of someone else must send documents showing that they are authorized to apply (notarized power of attorney, etc.) as an attachment to the application.<\/p>\n<table class=\"application\">\n<tbody>\n<tr>\n<td><strong>Name \u2013 Surname: <\/strong><\/td>\n<td><\/td>\n<\/tr>\n<tr>\n<td><strong>Application Date: <\/strong><\/td>\n<td><\/td>\n<\/tr>\n<tr>\n<td><strong>Signature:<\/strong><\/td>\n<td><\/td>\n<\/tr>\n<\/tbody>\n<\/table>\n","protected":false},"excerpt":{"rendered":"<p>The Personal Data Protection Law No. 6698&#8230;<\/p>\n","protected":false},"author":2,"featured_media":0,"parent":0,"menu_order":0,"comment_status":"closed","ping_status":"closed","template":"default-page.php","meta":{"footnotes":""},"class_list":["post-293","page","type-page","status-publish","hentry"],"acf":[],"_links":{"self":[{"href":"https:\/\/saves.com.tr\/en\/wp-json\/wp\/v2\/pages\/293","targetHints":{"allow":["GET"]}}],"collection":[{"href":"https:\/\/saves.com.tr\/en\/wp-json\/wp\/v2\/pages"}],"about":[{"href":"https:\/\/saves.com.tr\/en\/wp-json\/wp\/v2\/types\/page"}],"author":[{"embeddable":true,"href":"https:\/\/saves.com.tr\/en\/wp-json\/wp\/v2\/users\/2"}],"replies":[{"embeddable":true,"href":"https:\/\/saves.com.tr\/en\/wp-json\/wp\/v2\/comments?post=293"}],"version-history":[{"count":2,"href":"https:\/\/saves.com.tr\/en\/wp-json\/wp\/v2\/pages\/293\/revisions"}],"predecessor-version":[{"id":295,"href":"https:\/\/saves.com.tr\/en\/wp-json\/wp\/v2\/pages\/293\/revisions\/295"}],"wp:attachment":[{"href":"https:\/\/saves.com.tr\/en\/wp-json\/wp\/v2\/media?parent=293"}],"curies":[{"name":"wp","href":"https:\/\/api.w.org\/{rel}","templated":true}]}}